{"id":2,"date":"2025-03-21T12:29:38","date_gmt":"2025-03-21T11:29:38","guid":{"rendered":"http:\/\/antoinefrommars.com\/?page_id=2"},"modified":"2025-03-30T19:10:33","modified_gmt":"2025-03-30T17:10:33","slug":"page-d-exemple","status":"publish","type":"page","link":"https:\/\/antoinefrommars.com\/","title":{"rendered":"ANTOINE FROM MARS"},"content":{"rendered":"\n<div class=\"wp-block-columns is-layout-flex wp-container-core-columns-is-layout-9d6595d7 wp-block-columns-is-layout-flex\">\n<div class=\"wp-block-column is-layout-flow wp-block-column-is-layout-flow\" style=\"flex-basis:100%\">\n<figure class=\"wp-block-gallery has-nested-images columns-default is-cropped wp-block-gallery-1 is-layout-flex wp-block-gallery-is-layout-flex\">\n<figure class=\"wp-block-image size-full is-style-rounded\"><img loading=\"lazy\" decoding=\"async\" width=\"553\" height=\"311\" data-id=\"34\" src=\"http:\/\/antoinefrommars.com\/wp-content\/uploads\/2025\/03\/mars-panorama2.jpg\" alt=\"\" class=\"wp-image-34\" srcset=\"https:\/\/antoinefrommars.com\/wp-content\/uploads\/2025\/03\/mars-panorama2.jpg 553w, https:\/\/antoinefrommars.com\/wp-content\/uploads\/2025\/03\/mars-panorama2-300x169.jpg 300w\" sizes=\"auto, (max-width: 553px) 100vw, 553px\" \/><\/figure>\n<\/figure>\n<\/div>\n<\/div>\n\n\n\n<blockquote class=\"wp-block-quote is-style-default has-text-color has-background has-link-color wp-elements-d7dffaf85deee1a3f7e4e0b7fe8b425f is-layout-flow wp-block-quote-is-layout-flow\" style=\"color:#fffffb;background:linear-gradient(132deg,rgb(242,124,28) 0%,rgb(198,43,43) 50%,rgb(149,17,17) 100%);font-size:27px;font-style:normal;font-weight:1000\">\n<p>Recemment descendu de la plan\u00e8te rouge et toujours d\u00e9sireux d&#8217;int\u00e9grer de nouvelles cultures; Antoine vient vous interpr\u00e9ter les chansons qui, selon lui, font partie des meilleures cr\u00e9ations terriennes&#8230; <\/p>\n<\/blockquote>\n\n\n\n<figure class=\"wp-block-audio\"><audio controls src=\"http:\/\/antoinefrommars.com\/wp-content\/uploads\/2025\/03\/1-VASOLINE-NAKED-VERSION.mp3\"><\/audio><figcaption class=\"wp-element-caption\">\u00e9crit et compos\u00e9 par STONE TEMPLE PILOT; Arrangement Antoine From Mars<\/figcaption><\/figure>\n\n\n\n<figure class=\"wp-block-audio\"><audio controls src=\"http:\/\/antoinefrommars.com\/wp-content\/uploads\/2025\/03\/2-BABY-I-LOVE-YOU.mp3\"><\/audio><figcaption class=\"wp-element-caption\">\u00e9crit et compos\u00e9 par THE RAMONES; Arrangements Antoine From Mars<\/figcaption><\/figure>\n\n\n\n<figure class=\"wp-block-audio\"><audio controls src=\"http:\/\/antoinefrommars.com\/wp-content\/uploads\/2025\/03\/3-WILD-WORLD.mp3\"><\/audio><figcaption class=\"wp-element-caption\">\u00e9crit et compos\u00e9 par YUSUF CAT STEVENS; Arrangements Antoine From Mars<\/figcaption><\/figure>\n\n\n\n<figure class=\"wp-block-audio\"><audio controls src=\"http:\/\/antoinefrommars.com\/wp-content\/uploads\/2025\/03\/4-PERFECT-DAY.mp3\"><\/audio><figcaption class=\"wp-element-caption\">\u00e9crit et compos\u00e9 par LOU REED; Arrangements Antoine From Mars<\/figcaption><\/figure>\n\n\n\n<figure class=\"wp-block-audio\"><audio controls src=\"http:\/\/antoinefrommars.com\/wp-content\/uploads\/2025\/03\/5-DUMB.mp3\"><\/audio><figcaption class=\"wp-element-caption\">\u00e9crit et compos\u00e9 par NIRVANA; Arrangements Antoine From Mars<\/figcaption><\/figure>\n\n\n\n<figure class=\"wp-block-audio\"><audio controls src=\"http:\/\/antoinefrommars.com\/wp-content\/uploads\/2025\/03\/6-HERE-TODAY-GONE-TOMORROW.mp3\"><\/audio><figcaption class=\"wp-element-caption\">\u00e9crit et compos\u00e9 par THE RAMONES; Arrangements Antoine From Mars<\/figcaption><\/figure>\n\n\n\n<figure class=\"wp-block-audio\"><audio controls src=\"http:\/\/antoinefrommars.com\/wp-content\/uploads\/2025\/03\/7-VASOLINE-EXTENDED-DUBWISE-VERSION.mp3\" autoplay><\/audio><figcaption class=\"wp-element-caption\">\u00e9crit et compos\u00e9 par STONE TEMPLE PILOT; Arrangements Antoine From Mars<\/figcaption><\/figure>\n\n\n\n<p><\/p>\n","protected":false},"excerpt":{"rendered":"<p>Recemment descendu de la plan\u00e8te rouge et toujours d\u00e9sireux d&#8217;int\u00e9grer de nouvelles cultures; Antoine vient vous interpr\u00e9ter les chansons qui, selon lui, font partie des meilleures cr\u00e9ations terriennes&#8230;<\/p>\n","protected":false},"author":1,"featured_media":0,"parent":0,"menu_order":0,"comment_status":"closed","ping_status":"open","template":"","meta":{"footnotes":""},"class_list":["post-2","page","type-page","status-publish","hentry"],"_links":{"self":[{"href":"https:\/\/antoinefrommars.com\/index.php?rest_route=\/wp\/v2\/pages\/2","targetHints":{"allow":["GET"]}}],"collection":[{"href":"https:\/\/antoinefrommars.com\/index.php?rest_route=\/wp\/v2\/pages"}],"about":[{"href":"https:\/\/antoinefrommars.com\/index.php?rest_route=\/wp\/v2\/types\/page"}],"author":[{"embeddable":true,"href":"https:\/\/antoinefrommars.com\/index.php?rest_route=\/wp\/v2\/users\/1"}],"replies":[{"embeddable":true,"href":"https:\/\/antoinefrommars.com\/index.php?rest_route=%2Fwp%2Fv2%2Fcomments&post=2"}],"version-history":[{"count":6,"href":"https:\/\/antoinefrommars.com\/index.php?rest_route=\/wp\/v2\/pages\/2\/revisions"}],"predecessor-version":[{"id":40,"href":"https:\/\/antoinefrommars.com\/index.php?rest_route=\/wp\/v2\/pages\/2\/revisions\/40"}],"wp:attachment":[{"href":"https:\/\/antoinefrommars.com\/index.php?rest_route=%2Fwp%2Fv2%2Fmedia&parent=2"}],"curies":[{"name":"wp","href":"https:\/\/api.w.org\/{rel}","templated":true}]}}